{"id":1269,"date":"2022-04-18T19:56:45","date_gmt":"2022-04-18T19:56:45","guid":{"rendered":"https:\/\/mccopier.com\/?page_id=1269"},"modified":"2022-07-27T20:52:43","modified_gmt":"2022-07-27T20:52:43","slug":"career","status":"publish","type":"page","link":"https:\/\/mccopier.com\/fr\/career\/","title":{"rendered":"CARRI\u00c8RE"},"content":{"rendered":"<div data-elementor-type=\"wp-page\" data-elementor-id=\"1269\" class=\"elementor elementor-1269\">\n\t\t\t\t\t\t<section class=\"elementor-section elementor-top-section elementor-element elementor-element-lan9xde elementor-section-height-min-height elementor-reverse-mobile elementor-section-boxed elementor-section-height-default elementor-section-items-middle\" data-id=\"lan9xde\" data-element_type=\"section\" data-e-type=\"section\" data-settings=\"{&quot;background_background&quot;:&quot;classic&quot;}\">\n\t\t\t\t\t\t\t<div class=\"elementor-background-overlay\"><\/div>\n\t\t\t\t\t\t\t<div class=\"elementor-container elementor-column-gap-no\">\n\t\t\t\t\t<div class=\"elementor-column elementor-col-50 elementor-top-column elementor-element elementor-element-1149cce\" data-id=\"1149cce\" data-element_type=\"column\" data-e-type=\"column\">\n\t\t\t<div class=\"elementor-widget-wrap elementor-element-populated\">\n\t\t\t\t\t\t<div class=\"elementor-element elementor-element-caba11c animated-slow elementor-invisible elementor-widget elementor-widget-heading\" data-id=\"caba11c\" data-element_type=\"widget\" data-e-type=\"widget\" data-settings=\"{&quot;_animation&quot;:&quot;fadeInLeft&quot;}\" data-widget_type=\"heading.default\">\n\t\t\t\t<div class=\"elementor-widget-container\">\n\t\t\t\t\t<h1 class=\"elementor-heading-title elementor-size-default\">CARRI\u00c8RE<\/h1>\t\t\t\t<\/div>\n\t\t\t\t<\/div>\n\t\t\t\t\t<\/div>\n\t\t<\/div>\n\t\t\t\t<div class=\"elementor-column elementor-col-50 elementor-top-column elementor-element elementor-element-441b422\" data-id=\"441b422\" data-element_type=\"column\" data-e-type=\"column\">\n\t\t\t<div class=\"elementor-widget-wrap elementor-element-populated\">\n\t\t\t\t\t\t<div class=\"elementor-element elementor-element-343170a elementor-widget elementor-widget-image\" data-id=\"343170a\" data-element_type=\"widget\" data-e-type=\"widget\" data-widget_type=\"image.default\">\n\t\t\t\t<div class=\"elementor-widget-container\">\n\t\t\t\t\t\t\t\t\t\t\t\t\t\t\t<img fetchpriority=\"high\" decoding=\"async\" width=\"2560\" height=\"1707\" src=\"https:\/\/mccopier.com\/wp-content\/uploads\/2022\/04\/pexels-tima-miroshnichenko-6169043-1-scaled.jpg\" class=\"attachment-full size-full wp-image-1275\" alt=\"\" srcset=\"https:\/\/mccopier.com\/wp-content\/uploads\/2022\/04\/pexels-tima-miroshnichenko-6169043-1-scaled.jpg 2560w, https:\/\/mccopier.com\/wp-content\/uploads\/2022\/04\/pexels-tima-miroshnichenko-6169043-1-300x200.jpg 300w, https:\/\/mccopier.com\/wp-content\/uploads\/2022\/04\/pexels-tima-miroshnichenko-6169043-1-1024x683.jpg 1024w, https:\/\/mccopier.com\/wp-content\/uploads\/2022\/04\/pexels-tima-miroshnichenko-6169043-1-768x512.jpg 768w, https:\/\/mccopier.com\/wp-content\/uploads\/2022\/04\/pexels-tima-miroshnichenko-6169043-1-1536x1024.jpg 1536w, https:\/\/mccopier.com\/wp-content\/uploads\/2022\/04\/pexels-tima-miroshnichenko-6169043-1-2048x1365.jpg 2048w, https:\/\/mccopier.com\/wp-content\/uploads\/2022\/04\/pexels-tima-miroshnichenko-6169043-1-18x12.jpg 18w\" sizes=\"(max-width: 2560px) 100vw, 2560px\" \/>\t\t\t\t\t\t\t\t\t\t\t\t\t\t\t<\/div>\n\t\t\t\t<\/div>\n\t\t\t\t\t<\/div>\n\t\t<\/div>\n\t\t\t\t\t<\/div>\n\t\t<\/section>\n\t\t\t\t<section class=\"elementor-section elementor-top-section elementor-element elementor-element-s9octb3 elementor-section-height-min-height elementor-section-items-top elementor-section-boxed elementor-section-height-default\" data-id=\"s9octb3\" data-element_type=\"section\" data-e-type=\"section\">\n\t\t\t\t\t\t<div class=\"elementor-container elementor-column-gap-no\">\n\t\t\t\t\t<div class=\"elementor-column elementor-col-50 elementor-top-column elementor-element elementor-element-6891c81\" data-id=\"6891c81\" data-element_type=\"column\" data-e-type=\"column\">\n\t\t\t<div class=\"elementor-widget-wrap elementor-element-populated\">\n\t\t\t\t\t\t<div class=\"elementor-element elementor-element-7e6e69a animated-slow elementor-invisible elementor-widget elementor-widget-heading\" data-id=\"7e6e69a\" data-element_type=\"widget\" data-e-type=\"widget\" data-settings=\"{&quot;_animation&quot;:&quot;fadeInLeft&quot;}\" data-widget_type=\"heading.default\">\n\t\t\t\t<div class=\"elementor-widget-container\">\n\t\t\t\t\t<h2 class=\"elementor-heading-title elementor-size-default\">NOUS EMBAUCHONS !<\/h2>\t\t\t\t<\/div>\n\t\t\t\t<\/div>\n\t\t\t\t<div class=\"elementor-element elementor-element-108dc41 animated-slow elementor-invisible elementor-widget elementor-widget-text-editor\" data-id=\"108dc41\" data-element_type=\"widget\" data-e-type=\"widget\" data-settings=\"{&quot;_animation&quot;:&quot;fadeInLeft&quot;}\" data-widget_type=\"text-editor.default\">\n\t\t\t\t<div class=\"elementor-widget-container\">\n\t\t\t\t\t\t\t\t\t<p>Nous sommes actuellement \u00e0 la recherche de travailleurs d\u2019entrep\u00f4t motiv\u00e9s qui peuvent jouer un r\u00f4le actif dans les domaines de la cueillette, de l\u2019exp\u00e9dition, du stockage et de la main-d\u2019\u0153uvre g\u00e9n\u00e9rale.<\/p>\t\t\t\t\t\t\t\t<\/div>\n\t\t\t\t<\/div>\n\t\t\t\t<div class=\"elementor-element elementor-element-9009a6b animated-slow elementor-icon-list--layout-traditional elementor-list-item-link-full_width elementor-invisible elementor-widget elementor-widget-icon-list\" data-id=\"9009a6b\" data-element_type=\"widget\" data-e-type=\"widget\" data-settings=\"{&quot;_animation&quot;:&quot;fadeInLeft&quot;}\" data-widget_type=\"icon-list.default\">\n\t\t\t\t<div class=\"elementor-widget-container\">\n\t\t\t\t\t\t\t<ul class=\"elementor-icon-list-items\">\n\t\t\t\t\t\t\t<li class=\"elementor-icon-list-item\">\n\t\t\t\t\t\t\t\t\t\t\t<span class=\"elementor-icon-list-icon\">\n\t\t\t\t\t\t\t<i aria-hidden=\"true\" class=\"fas fa-circle\"><\/i>\t\t\t\t\t\t<\/span>\n\t\t\t\t\t\t\t\t\t\t<span class=\"elementor-icon-list-text\">Doit avoir un permis de conduire valide (classe A)<\/span>\n\t\t\t\t\t\t\t\t\t<\/li>\n\t\t\t\t\t\t\t\t<li class=\"elementor-icon-list-item\">\n\t\t\t\t\t\t\t\t\t\t\t<span class=\"elementor-icon-list-icon\">\n\t\t\t\t\t\t\t<i aria-hidden=\"true\" class=\"fas fa-circle\"><\/i>\t\t\t\t\t\t<\/span>\n\t\t\t\t\t\t\t\t\t\t<span class=\"elementor-icon-list-text\">Exp\u00e9rience avec un chariot \u00e9l\u00e9vateur (non obligatoire)<\/span>\n\t\t\t\t\t\t\t\t\t<\/li>\n\t\t\t\t\t\t\t\t<li class=\"elementor-icon-list-item\">\n\t\t\t\t\t\t\t\t\t\t\t<span class=\"elementor-icon-list-icon\">\n\t\t\t\t\t\t\t<i aria-hidden=\"true\" class=\"fas fa-circle\"><\/i>\t\t\t\t\t\t<\/span>\n\t\t\t\t\t\t\t\t\t\t<span class=\"elementor-icon-list-text\">Passeport valide (non obligatoire)<\/span>\n\t\t\t\t\t\t\t\t\t<\/li>\n\t\t\t\t\t\t<\/ul>\n\t\t\t\t\t\t<\/div>\n\t\t\t\t<\/div>\n\t\t\t\t\t<\/div>\n\t\t<\/div>\n\t\t\t\t<div class=\"elementor-column elementor-col-50 elementor-top-column elementor-element elementor-element-01b2797\" data-id=\"01b2797\" data-element_type=\"column\" data-e-type=\"column\">\n\t\t\t<div class=\"elementor-widget-wrap elementor-element-populated\">\n\t\t\t\t\t\t<div class=\"elementor-element elementor-element-5359905 animated-slow elementor-invisible elementor-widget elementor-widget-wp-widget-forminator_widget\" data-id=\"5359905\" data-element_type=\"widget\" data-e-type=\"widget\" data-settings=\"{&quot;_animation&quot;:&quot;fadeInRight&quot;}\" data-widget_type=\"wp-widget-forminator_widget.default\">\n\t\t\t\t<div class=\"elementor-widget-container\">\n\t\t\t\t\t<div class=\"forminator-ui forminator-custom-form forminator-custom-form-1284 forminator-design--default  forminator_ajax\" data-forminator-render=\"0\" data-form=\"forminator-module-1284\" data-uid=\"69dc3dd6236ab\"><br\/><\/div><form\n\t\t\t\tid=\"forminator-module-1284\"\n\t\t\t\tclass=\"forminator-ui forminator-custom-form forminator-custom-form-1284 forminator-design--default  forminator_ajax\"\n\t\t\t\tmethod=\"post\"\n\t\t\t\tdata-forminator-render=\"0\"\n\t\t\t\tdata-form-id=\"1284\"\n\t\t\t\tenctype=\"multipart\/form-data\" data-color-option=\"default\" data-design=\"default\" data-grid=\"open\" style=\"display: none;\"\n\t\t\t\tdata-uid=\"69dc3dd6236ab\" action=\"\"\n\t\t\t><div role=\"alert\" aria-live=\"polite\" class=\"forminator-response-message forminator-error\" aria-hidden=\"true\"><\/div><div class=\"forminator-row\"><div id=\"name-1\" class=\"forminator-field-name forminator-col forminator-col-6\"><div class=\"forminator-field\"><label for=\"forminator-field-name-1_69dc3dd6236ab\" id=\"forminator-field-name-1_69dc3dd6236ab-label\" class=\"forminator-label\">PR\u00c9NOM <span class=\"forminator-required\">*<\/span><\/label><input type=\"text\" name=\"name-1\" value=\"\" placeholder=\"John\" id=\"forminator-field-name-1_69dc3dd6236ab\" class=\"forminator-input forminator-name--field\" aria-required=\"true\" autocomplete=\"name\" \/><\/div><\/div><div id=\"name-2\" class=\"forminator-field-name forminator-col forminator-col-6\"><div class=\"forminator-field\"><label for=\"forminator-field-name-2_69dc3dd6236ab\" id=\"forminator-field-name-2_69dc3dd6236ab-label\" class=\"forminator-label\">NOM<\/label><input type=\"text\" name=\"name-2\" value=\"\" placeholder=\"Doe\" id=\"forminator-field-name-2_69dc3dd6236ab\" class=\"forminator-input forminator-name--field\" aria-required=\"false\" autocomplete=\"name\" \/><\/div><\/div><\/div><div class=\"forminator-row\"><div id=\"email-1\" class=\"forminator-field-email forminator-col forminator-col-12\"><div class=\"forminator-field\"><label for=\"forminator-field-email-1_69dc3dd6236ab\" id=\"forminator-field-email-1_69dc3dd6236ab-label\" class=\"forminator-label\">Adresse Courriel <span class=\"forminator-required\">*<\/span><\/label><input type=\"email\" name=\"email-1\" value=\"\" placeholder=\"john@doe.com\" id=\"forminator-field-email-1_69dc3dd6236ab\" class=\"forminator-input forminator-email--field\" data-required=\"true\" aria-required=\"true\" autocomplete=\"email\" \/><\/div><\/div><\/div><div class=\"forminator-row\"><div id=\"phone-1\" class=\"forminator-field-phone forminator-col forminator-col-12\"><div class=\"forminator-field\"><label for=\"forminator-field-phone-1_69dc3dd6236ab\" id=\"forminator-field-phone-1_69dc3dd6236ab-label\" class=\"forminator-label\">Num\u00e9ro de t\u00e9l\u00e9phone<\/label><input type=\"text\" name=\"phone-1\" value=\"\" placeholder=\"514-###-####\" id=\"forminator-field-phone-1_69dc3dd6236ab\" class=\"forminator-input forminator-field--phone\" data-required=\"\" aria-required=\"false\" autocomplete=\"off\" \/><\/div><\/div><\/div><div class=\"forminator-row\"><div id=\"upload-1\" class=\"forminator-field-upload forminator-col forminator-col-12\"><div class=\"forminator-field\"><label for=\"forminator-field-upload-1_69dc3dd6236ab\" id=\"forminator-field-upload-1_69dc3dd6236ab-label\" class=\"forminator-label\">AJOUTER VOTRE CV<\/label><div class=\"forminator-file-upload\" data-element=\"upload-1_69dc3dd6236ab\"><input type=\"file\" name=\"upload-1\" id=\"forminator-field-upload-1_69dc3dd6236ab\" class=\"forminator-input-file\" accept=\".jpg,.jpeg,.jpe,.gif,.png,.bmp,.tiff,.tif,.webp,.ico,.heic,.asf,.asx,.wmv,.wmx,.wm,.avi,.divx,.flv,.mov,.qt,.mpeg,.mpg,.mpe,.mp4,.m4v,.ogv,.webm,.mkv,.3gp,.3gpp,.3g2,.3gp2,.txt,.asc,.c,.cc,.h,.srt,.csv,.tsv,.ics,.rtx,.vtt,.mp3,.m4a,.m4b,.aac,.ra,.ram,.wav,.ogg,.oga,.flac,.mid,.midi,.wma,.wax,.mka,.rtf,.pdf,.class,.tar,.zip,.gz,.gzip,.7z,.psd,.xcf,.doc,.pot,.pps,.ppt,.wri,.xla,.xls,.xlt,.xlw,.mdb,.mpp,.docx,.docm,.dotx,.dotm,.xlsx,.xlsm,.xlsb,.xltx,.xltm,.xlam,.pptx,.pptm,.ppsx,.ppsm,.potx,.potm,.ppam,.sldx,.sldm,.onetoc,.onetoc2,.onetmp,.onepkg,.oxps,.xps,.odt,.odp,.ods,.odg,.odc,.odb,.odf,.wp,.wpd,.key,.numbers,.pages,.svgz,.json\" tabindex=\"-1\"><button id=\"forminator-field-upload-1_69dc3dd6236ab_button\" class=\"forminator-button forminator-button-upload\" data-id=\"forminator-field-upload-1_69dc3dd6236ab\">Choose File<\/button><span data-empty-text=\"No file chosen\">No file chosen<\/span><button class=\"forminator-button-delete\" style=\"display: none;\"><i class=\"forminator-icon-close\" aria-hidden=\"true\"><\/i><span class=\"forminator-screen-reader-only\">Delete uploaded file<\/span><\/button><\/div><\/div><\/div><\/div><input type=\"hidden\" name=\"referer_url\" value=\"\" \/><div class=\"forminator-row forminator-row-last\"><div class=\"forminator-col\"><div class=\"forminator-field\"><button class=\"forminator-button forminator-button-submit\">SOUMMETTRE<\/button><\/div><\/div><\/div><input type=\"hidden\" id=\"forminator_nonce\" name=\"forminator_nonce\" value=\"ef426eb403\" \/><input type=\"hidden\" name=\"_wp_http_referer\" value=\"\/fr\/wp-json\/wp\/v2\/pages\/1269\" \/><input type=\"hidden\" name=\"form_id\" value=\"1284\"><input type=\"hidden\" name=\"page_id\" value=\"1269\"><input type=\"hidden\" name=\"form_type\" value=\"default\"><input type=\"hidden\" name=\"current_url\" value=\"https:\/\/mccopier.com\/fr\/career\/\"><input type=\"hidden\" name=\"render_id\" value=\"0\"><input type=\"hidden\" name=\"action\" value=\"forminator_submit_form_custom-forms\"><input type=\"hidden\" name=\"trp-form-language\" value=\"fr\"\/><\/form>\t\t\t\t<\/div>\n\t\t\t\t<\/div>\n\t\t\t\t\t<\/div>\n\t\t<\/div>\n\t\t\t\t\t<\/div>\n\t\t<\/section>\n\t\t\t\t<\/div>","protected":false},"excerpt":{"rendered":"<p>CAREER WE ARE HIRING ! We are currently looking for motivated warehouse workers who can be an active part in the areas of picking, shipping ,stocking and general labor. Must have a valid drivers license (class A) Experience with a forklift (not mandatory) Valid passport (not mandatory)<\/p>","protected":false},"author":1,"featured_media":0,"parent":0,"menu_order":0,"comment_status":"closed","ping_status":"closed","template":"","meta":{"_coblocks_attr":"","_coblocks_dimensions":"","_coblocks_responsive_height":"","_coblocks_accordion_ie_support":"","site-sidebar-layout":"no-sidebar","site-content-layout":"page-builder","ast-site-content-layout":"default","site-content-style":"default","site-sidebar-style":"default","ast-global-header-display":"","ast-banner-title-visibility":"","ast-main-header-display":"","ast-hfb-above-header-display":"","ast-hfb-below-header-display":"","ast-hfb-mobile-header-display":"","site-post-title":"disabled","ast-breadcrumbs-content":"","ast-featured-img":"disabled","footer-sml-layout":"","ast-disable-related-posts":"","theme-transparent-header-meta":"disabled","adv-header-id-meta":"","stick-header-meta":"","header-above-stick-meta":"","header-main-stick-meta":"","header-below-stick-meta":"","astra-migrate-meta-layouts":"default","ast-page-background-enabled":"default","ast-page-background-meta":{"desktop":{"background-color":"","background-image":"","background-repeat":"repeat","background-position":"center center","background-size":"auto","background-attachment":"scroll","background-type":"","background-media":"","overlay-type":"","overlay-color":"","overlay-opacity":"","overlay-gradient":""},"tablet":{"background-color":"","background-image":"","background-repeat":"repeat","background-position":"center center","background-size":"auto","background-attachment":"scroll","background-type":"","background-media":"","overlay-type":"","overlay-color":"","overlay-opacity":"","overlay-gradient":""},"mobile":{"background-color":"","background-image":"","background-repeat":"repeat","background-position":"center center","background-size":"auto","background-attachment":"scroll","background-type":"","background-media":"","overlay-type":"","overlay-color":"","overlay-opacity":"","overlay-gradient":""}},"ast-content-background-meta":{"desktop":{"background-color":"var(--ast-global-color-5)","background-image":"","background-repeat":"repeat","background-position":"center center","background-size":"auto","background-attachment":"scroll","background-type":"","background-media":"","overlay-type":"","overlay-color":"","overlay-opacity":"","overlay-gradient":""},"tablet":{"background-color":"var(--ast-global-color-5)","background-image":"","background-repeat":"repeat","background-position":"center center","background-size":"auto","background-attachment":"scroll","background-type":"","background-media":"","overlay-type":"","overlay-color":"","overlay-opacity":"","overlay-gradient":""},"mobile":{"background-color":"var(--ast-global-color-5)","background-image":"","background-repeat":"repeat","background-position":"center center","background-size":"auto","background-attachment":"scroll","background-type":"","background-media":"","overlay-type":"","overlay-color":"","overlay-opacity":"","overlay-gradient":""}},"footnotes":""},"class_list":["post-1269","page","type-page","status-publish","hentry"],"yoast_head":"<!-- This site is optimized with the Yoast SEO plugin v27.3 - https:\/\/yoast.com\/product\/yoast-seo-wordpress\/ -->\n<title>CAREER - McCopier<\/title>\n<meta name=\"description\" content=\"Opportunities await! Join the McCopier family today. Upload your resume and we will be in contact shortly .\" \/>\n<meta name=\"robots\" content=\"index, follow, max-snippet:-1, max-image-preview:large, max-video-preview:-1\" \/>\n<link rel=\"canonical\" href=\"https:\/\/mccopier.com\/fr\/career\/\" \/>\n<meta property=\"og:locale\" content=\"fr_CA\" \/>\n<meta property=\"og:type\" content=\"article\" \/>\n<meta property=\"og:title\" content=\"CAREER - McCopier\" \/>\n<meta property=\"og:description\" content=\"Opportunities await! Join the McCopier family today. Upload your resume and we will be in contact shortly .\" \/>\n<meta property=\"og:url\" content=\"https:\/\/mccopier.com\/fr\/career\/\" \/>\n<meta property=\"og:site_name\" content=\"McCopier\" \/>\n<meta property=\"article:publisher\" content=\"https:\/\/www.facebook.com\/mccopier\" \/>\n<meta property=\"article:modified_time\" content=\"2022-07-27T20:52:43+00:00\" \/>\n<meta property=\"og:image\" content=\"https:\/\/mccopier.com\/wp-content\/uploads\/2022\/07\/McCopier-logo-scaled.jpg\" \/>\n\t<meta property=\"og:image:width\" content=\"2560\" \/>\n\t<meta property=\"og:image:height\" content=\"900\" \/>\n\t<meta property=\"og:image:type\" content=\"image\/jpeg\" \/>\n<meta name=\"twitter:card\" content=\"summary_large_image\" \/>\n<meta name=\"twitter:label1\" content=\"Estimation du temps de lecture\" \/>\n\t<meta name=\"twitter:data1\" content=\"6 minutes\" \/>\n<script type=\"application\/ld+json\" class=\"yoast-schema-graph\">{\"@context\":\"https:\\\/\\\/schema.org\",\"@graph\":[{\"@type\":\"WebPage\",\"@id\":\"https:\\\/\\\/mccopier.com\\\/career\\\/\",\"url\":\"https:\\\/\\\/mccopier.com\\\/career\\\/\",\"name\":\"CAREER - McCopier\",\"isPartOf\":{\"@id\":\"https:\\\/\\\/mccopier.com\\\/#website\"},\"primaryImageOfPage\":{\"@id\":\"https:\\\/\\\/mccopier.com\\\/career\\\/#primaryimage\"},\"image\":{\"@id\":\"https:\\\/\\\/mccopier.com\\\/career\\\/#primaryimage\"},\"thumbnailUrl\":\"https:\\\/\\\/mccopier.com\\\/wp-content\\\/uploads\\\/2022\\\/04\\\/pexels-tima-miroshnichenko-6169043-1-scaled.jpg\",\"datePublished\":\"2022-04-18T19:56:45+00:00\",\"dateModified\":\"2022-07-27T20:52:43+00:00\",\"description\":\"Opportunities await! Join the McCopier family today. Upload your resume and we will be in contact shortly .\",\"breadcrumb\":{\"@id\":\"https:\\\/\\\/mccopier.com\\\/career\\\/#breadcrumb\"},\"inLanguage\":\"fr-CA\",\"potentialAction\":[{\"@type\":\"ReadAction\",\"target\":[\"https:\\\/\\\/mccopier.com\\\/career\\\/\"]}]},{\"@type\":\"ImageObject\",\"inLanguage\":\"fr-CA\",\"@id\":\"https:\\\/\\\/mccopier.com\\\/career\\\/#primaryimage\",\"url\":\"https:\\\/\\\/mccopier.com\\\/wp-content\\\/uploads\\\/2022\\\/04\\\/pexels-tima-miroshnichenko-6169043-1-scaled.jpg\",\"contentUrl\":\"https:\\\/\\\/mccopier.com\\\/wp-content\\\/uploads\\\/2022\\\/04\\\/pexels-tima-miroshnichenko-6169043-1-scaled.jpg\"},{\"@type\":\"BreadcrumbList\",\"@id\":\"https:\\\/\\\/mccopier.com\\\/career\\\/#breadcrumb\",\"itemListElement\":[{\"@type\":\"ListItem\",\"position\":1,\"name\":\"Home\",\"item\":\"https:\\\/\\\/mccopier.com\\\/\"},{\"@type\":\"ListItem\",\"position\":2,\"name\":\"CAREER\"}]},{\"@type\":\"WebSite\",\"@id\":\"https:\\\/\\\/mccopier.com\\\/#website\",\"url\":\"https:\\\/\\\/mccopier.com\\\/\",\"name\":\"McCopier\",\"description\":\"Providing office equipments product and services\",\"publisher\":{\"@id\":\"https:\\\/\\\/mccopier.com\\\/#organization\"},\"potentialAction\":[{\"@type\":\"SearchAction\",\"target\":{\"@type\":\"EntryPoint\",\"urlTemplate\":\"https:\\\/\\\/mccopier.com\\\/?s={search_term_string}\"},\"query-input\":{\"@type\":\"PropertyValueSpecification\",\"valueRequired\":true,\"valueName\":\"search_term_string\"}}],\"inLanguage\":\"fr-CA\"},{\"@type\":\"Organization\",\"@id\":\"https:\\\/\\\/mccopier.com\\\/#organization\",\"name\":\"mccopier\",\"url\":\"https:\\\/\\\/mccopier.com\\\/\",\"logo\":{\"@type\":\"ImageObject\",\"inLanguage\":\"fr-CA\",\"@id\":\"https:\\\/\\\/mccopier.com\\\/#\\\/schema\\\/logo\\\/image\\\/\",\"url\":\"https:\\\/\\\/mccopier.com\\\/wp-content\\\/uploads\\\/2022\\\/07\\\/McCopier-logo-scaled.jpg\",\"contentUrl\":\"https:\\\/\\\/mccopier.com\\\/wp-content\\\/uploads\\\/2022\\\/07\\\/McCopier-logo-scaled.jpg\",\"width\":2560,\"height\":900,\"caption\":\"mccopier\"},\"image\":{\"@id\":\"https:\\\/\\\/mccopier.com\\\/#\\\/schema\\\/logo\\\/image\\\/\"},\"sameAs\":[\"https:\\\/\\\/www.facebook.com\\\/mccopier\"]}]}<\/script>\n<!-- \/ Yoast SEO plugin. -->","yoast_head_json":{"title":"CAREER - McCopier","description":"Opportunities await! Join the McCopier family today. Upload your resume and we will be in contact shortly .","robots":{"index":"index","follow":"follow","max-snippet":"max-snippet:-1","max-image-preview":"max-image-preview:large","max-video-preview":"max-video-preview:-1"},"canonical":"https:\/\/mccopier.com\/fr\/career\/","og_locale":"fr_CA","og_type":"article","og_title":"CAREER - McCopier","og_description":"Opportunities await! Join the McCopier family today. Upload your resume and we will be in contact shortly .","og_url":"https:\/\/mccopier.com\/fr\/career\/","og_site_name":"McCopier","article_publisher":"https:\/\/www.facebook.com\/mccopier","article_modified_time":"2022-07-27T20:52:43+00:00","og_image":[{"width":2560,"height":900,"url":"https:\/\/mccopier.com\/wp-content\/uploads\/2022\/07\/McCopier-logo-scaled.jpg","type":"image\/jpeg"}],"twitter_card":"summary_large_image","twitter_misc":{"Estimation du temps de lecture":"6 minutes"},"schema":{"@context":"https:\/\/schema.org","@graph":[{"@type":"WebPage","@id":"https:\/\/mccopier.com\/career\/","url":"https:\/\/mccopier.com\/career\/","name":"CAREER - McCopier","isPartOf":{"@id":"https:\/\/mccopier.com\/#website"},"primaryImageOfPage":{"@id":"https:\/\/mccopier.com\/career\/#primaryimage"},"image":{"@id":"https:\/\/mccopier.com\/career\/#primaryimage"},"thumbnailUrl":"https:\/\/mccopier.com\/wp-content\/uploads\/2022\/04\/pexels-tima-miroshnichenko-6169043-1-scaled.jpg","datePublished":"2022-04-18T19:56:45+00:00","dateModified":"2022-07-27T20:52:43+00:00","description":"Opportunities await! Join the McCopier family today. Upload your resume and we will be in contact shortly .","breadcrumb":{"@id":"https:\/\/mccopier.com\/career\/#breadcrumb"},"inLanguage":"fr-CA","potentialAction":[{"@type":"ReadAction","target":["https:\/\/mccopier.com\/career\/"]}]},{"@type":"ImageObject","inLanguage":"fr-CA","@id":"https:\/\/mccopier.com\/career\/#primaryimage","url":"https:\/\/mccopier.com\/wp-content\/uploads\/2022\/04\/pexels-tima-miroshnichenko-6169043-1-scaled.jpg","contentUrl":"https:\/\/mccopier.com\/wp-content\/uploads\/2022\/04\/pexels-tima-miroshnichenko-6169043-1-scaled.jpg"},{"@type":"BreadcrumbList","@id":"https:\/\/mccopier.com\/career\/#breadcrumb","itemListElement":[{"@type":"ListItem","position":1,"name":"Home","item":"https:\/\/mccopier.com\/"},{"@type":"ListItem","position":2,"name":"CAREER"}]},{"@type":"WebSite","@id":"https:\/\/mccopier.com\/#website","url":"https:\/\/mccopier.com\/","name":"McCopier","description":"Providing office equipments product and services","publisher":{"@id":"https:\/\/mccopier.com\/#organization"},"potentialAction":[{"@type":"SearchAction","target":{"@type":"EntryPoint","urlTemplate":"https:\/\/mccopier.com\/?s={search_term_string}"},"query-input":{"@type":"PropertyValueSpecification","valueRequired":true,"valueName":"search_term_string"}}],"inLanguage":"fr-CA"},{"@type":"Organization","@id":"https:\/\/mccopier.com\/#organization","name":"mccopier","url":"https:\/\/mccopier.com\/","logo":{"@type":"ImageObject","inLanguage":"fr-CA","@id":"https:\/\/mccopier.com\/#\/schema\/logo\/image\/","url":"https:\/\/mccopier.com\/wp-content\/uploads\/2022\/07\/McCopier-logo-scaled.jpg","contentUrl":"https:\/\/mccopier.com\/wp-content\/uploads\/2022\/07\/McCopier-logo-scaled.jpg","width":2560,"height":900,"caption":"mccopier"},"image":{"@id":"https:\/\/mccopier.com\/#\/schema\/logo\/image\/"},"sameAs":["https:\/\/www.facebook.com\/mccopier"]}]}},"_links":{"self":[{"href":"https:\/\/mccopier.com\/fr\/wp-json\/wp\/v2\/pages\/1269","targetHints":{"allow":["GET"]}}],"collection":[{"href":"https:\/\/mccopier.com\/fr\/wp-json\/wp\/v2\/pages"}],"about":[{"href":"https:\/\/mccopier.com\/fr\/wp-json\/wp\/v2\/types\/page"}],"author":[{"embeddable":true,"href":"https:\/\/mccopier.com\/fr\/wp-json\/wp\/v2\/users\/1"}],"replies":[{"embeddable":true,"href":"https:\/\/mccopier.com\/fr\/wp-json\/wp\/v2\/comments?post=1269"}],"version-history":[{"count":23,"href":"https:\/\/mccopier.com\/fr\/wp-json\/wp\/v2\/pages\/1269\/revisions"}],"predecessor-version":[{"id":1515,"href":"https:\/\/mccopier.com\/fr\/wp-json\/wp\/v2\/pages\/1269\/revisions\/1515"}],"wp:attachment":[{"href":"https:\/\/mccopier.com\/fr\/wp-json\/wp\/v2\/media?parent=1269"}],"curies":[{"name":"wp","href":"https:\/\/api.w.org\/{rel}","templated":true}]}}