{"id":6,"date":"2018-11-26T12:45:27","date_gmt":"2018-11-26T12:45:27","guid":{"rendered":"https:\/\/mccopier.com\/home\/"},"modified":"2023-02-22T21:31:08","modified_gmt":"2023-02-22T21:31:08","slug":"home","status":"publish","type":"page","link":"https:\/\/mccopier.com\/fr\/","title":{"rendered":"Accueil"},"content":{"rendered":"<div data-elementor-type=\"wp-post\" data-elementor-id=\"6\" class=\"elementor elementor-6\">\n\t\t\t\t\t\t<section class=\"elementor-section elementor-top-section elementor-element elementor-element-567911d elementor-section-content-middle elementor-section-height-full elementor-section-boxed elementor-section-height-default elementor-section-items-middle\" data-id=\"567911d\" data-element_type=\"section\" data-e-type=\"section\" data-settings=\"{&quot;background_background&quot;:&quot;classic&quot;}\">\n\t\t\t\t\t\t\t<div class=\"elementor-background-overlay\"><\/div>\n\t\t\t\t\t\t\t<div class=\"elementor-container elementor-column-gap-no\">\n\t\t\t\t\t<div class=\"elementor-column elementor-col-100 elementor-top-column elementor-element elementor-element-b3743c8\" data-id=\"b3743c8\" data-element_type=\"column\" data-e-type=\"column\">\n\t\t\t<div class=\"elementor-widget-wrap elementor-element-populated\">\n\t\t\t\t\t\t<div class=\"elementor-element elementor-element-c5631af elementor-align-center elementor-invisible elementor-widget elementor-widget-button\" data-id=\"c5631af\" data-element_type=\"widget\" data-e-type=\"widget\" data-settings=\"{&quot;_animation&quot;:&quot;fadeInUp&quot;}\" data-widget_type=\"button.default\">\n\t\t\t\t<div class=\"elementor-widget-container\">\n\t\t\t\t\t\t\t\t\t<div class=\"elementor-button-wrapper\">\n\t\t\t\t\t<a class=\"elementor-button elementor-button-link elementor-size-sm elementor-animation-bounce-in\" href=\"https:\/\/mccopier.com\/fr\/products\/\">\n\t\t\t\t\t\t<span class=\"elementor-button-content-wrapper\">\n\t\t\t\t\t\t<span class=\"elementor-button-icon\">\n\t\t\t\t<i aria-hidden=\"true\" class=\"fas fa-shopping-cart\"><\/i>\t\t\t<\/span>\n\t\t\t\t\t\t\t\t\t<span class=\"elementor-button-text\">PRODUITS<\/span>\n\t\t\t\t\t<\/span>\n\t\t\t\t\t<\/a>\n\t\t\t\t<\/div>\n\t\t\t\t\t\t\t\t<\/div>\n\t\t\t\t<\/div>\n\t\t\t\t<div class=\"elementor-element elementor-element-f3881bf elementor-align-center elementor-invisible elementor-widget elementor-widget-button\" data-id=\"f3881bf\" data-element_type=\"widget\" data-e-type=\"widget\" data-settings=\"{&quot;_animation&quot;:&quot;fadeInDown&quot;}\" data-widget_type=\"button.default\">\n\t\t\t\t<div class=\"elementor-widget-container\">\n\t\t\t\t\t\t\t\t\t<div class=\"elementor-button-wrapper\">\n\t\t\t\t\t<a class=\"elementor-button elementor-button-link elementor-size-sm elementor-animation-pulse\" href=\"https:\/\/mccopier.com\/fr\/contact\/\">\n\t\t\t\t\t\t<span class=\"elementor-button-content-wrapper\">\n\t\t\t\t\t\t\t\t\t<span class=\"elementor-button-text\">CONTACTEZ-NOUS<\/span>\n\t\t\t\t\t<\/span>\n\t\t\t\t\t<\/a>\n\t\t\t\t<\/div>\n\t\t\t\t\t\t\t\t<\/div>\n\t\t\t\t<\/div>\n\t\t\t\t<div class=\"elementor-element elementor-element-54b14e8 elementor-widget elementor-widget-spacer\" data-id=\"54b14e8\" data-element_type=\"widget\" data-e-type=\"widget\" data-widget_type=\"spacer.default\">\n\t\t\t\t<div class=\"elementor-widget-container\">\n\t\t\t\t\t\t\t<div class=\"elementor-spacer\">\n\t\t\t<div class=\"elementor-spacer-inner\"><\/div>\n\t\t<\/div>\n\t\t\t\t\t\t<\/div>\n\t\t\t\t<\/div>\n\t\t\t\t\t<\/div>\n\t\t<\/div>\n\t\t\t\t\t<\/div>\n\t\t<\/section>\n\t\t\t\t<section class=\"elementor-section elementor-top-section elementor-element elementor-element-f570acb elementor-section-boxed elementor-section-height-default elementor-section-height-default\" data-id=\"f570acb\" data-element_type=\"section\" data-e-type=\"section\" data-settings=\"{&quot;background_background&quot;:&quot;classic&quot;}\">\n\t\t\t\t\t\t<div class=\"elementor-container elementor-column-gap-default\">\n\t\t\t\t\t<div class=\"elementor-column elementor-col-100 elementor-top-column elementor-element elementor-element-9d06865\" data-id=\"9d06865\" data-element_type=\"column\" data-e-type=\"column\">\n\t\t\t<div class=\"elementor-widget-wrap elementor-element-populated\">\n\t\t\t\t\t\t<div class=\"elementor-element elementor-element-faae1a0 elementor-widget elementor-widget-heading\" data-id=\"faae1a0\" data-element_type=\"widget\" data-e-type=\"widget\" data-widget_type=\"heading.default\">\n\t\t\t\t<div class=\"elementor-widget-container\">\n\t\t\t\t\t<h5 class=\"elementor-heading-title elementor-size-default\">\u00c0 PROPOS DE NOUS<\/h5>\t\t\t\t<\/div>\n\t\t\t\t<\/div>\n\t\t\t\t<div class=\"elementor-element elementor-element-92f05eb elementor-widget elementor-widget-text-editor\" data-id=\"92f05eb\" data-element_type=\"widget\" data-e-type=\"widget\" data-widget_type=\"text-editor.default\">\n\t\t\t\t<div class=\"elementor-widget-container\">\n\t\t\t\t\t\t\t\t\t<p>Nous fournissons des photocopieurs fiables et de haute qualit\u00e9 depuis plus de 30 ans. Notre engagement envers la satisfaction de la client\u00e8le a \u00e9t\u00e9 le fondement de notre entreprise, et nous sommes fiers de notre capacit\u00e9 \u00e0 offrir un service exceptionnel et un soutien \u00e0 nos clients.<\/p>\t\t\t\t\t\t\t\t<\/div>\n\t\t\t\t<\/div>\n\t\t\t\t<div class=\"elementor-element elementor-element-f681585 elementor-align-center elementor-invisible elementor-widget elementor-widget-button\" data-id=\"f681585\" data-element_type=\"widget\" data-e-type=\"widget\" data-settings=\"{&quot;_animation&quot;:&quot;fadeInLeft&quot;}\" data-widget_type=\"button.default\">\n\t\t\t\t<div class=\"elementor-widget-container\">\n\t\t\t\t\t\t\t\t\t<div class=\"elementor-button-wrapper\">\n\t\t\t\t\t<a class=\"elementor-button elementor-button-link elementor-size-sm elementor-animation-bob\" href=\"https:\/\/mccopier.com\/fr\/about\/\">\n\t\t\t\t\t\t<span class=\"elementor-button-content-wrapper\">\n\t\t\t\t\t\t\t\t\t<span class=\"elementor-button-text\">EN APPRENDRE PLUS<\/span>\n\t\t\t\t\t<\/span>\n\t\t\t\t\t<\/a>\n\t\t\t\t<\/div>\n\t\t\t\t\t\t\t\t<\/div>\n\t\t\t\t<\/div>\n\t\t\t\t\t<\/div>\n\t\t<\/div>\n\t\t\t\t\t<\/div>\n\t\t<\/section>\n\t\t\t\t<\/div>","protected":false},"excerpt":{"rendered":"<p>PRODUCTS Contact us ABOUT US We have been providing reliable and high-quality photocopiers for over 30 years. Our commitment to customer satisfaction has been the foundation of our business, and we take pride in our ability to provide exceptional service and support to our clients. Learn more<\/p>","protected":false},"author":1,"featured_media":0,"parent":0,"menu_order":0,"comment_status":"closed","ping_status":"closed","template":"","meta":{"_coblocks_attr":"","_coblocks_dimensions":"","_coblocks_responsive_height":"","_coblocks_accordion_ie_support":"","site-sidebar-layout":"no-sidebar","site-content-layout":"page-builder","ast-site-content-layout":"default","site-content-style":"default","site-sidebar-style":"default","ast-global-header-display":"","ast-banner-title-visibility":"","ast-main-header-display":"","ast-hfb-above-header-display":"","ast-hfb-below-header-display":"","ast-hfb-mobile-header-display":"","site-post-title":"disabled","ast-breadcrumbs-content":"","ast-featured-img":"disabled","footer-sml-layout":"","ast-disable-related-posts":"","theme-transparent-header-meta":"disabled","adv-header-id-meta":"","stick-header-meta":"","header-above-stick-meta":"","header-main-stick-meta":"","header-below-stick-meta":"","astra-migrate-meta-layouts":"default","ast-page-background-enabled":"default","ast-page-background-meta":{"desktop":{"background-color":"","background-image":"","background-repeat":"repeat","background-position":"center center","background-size":"auto","background-attachment":"scroll","background-type":"","background-media":"","overlay-type":"","overlay-color":"","overlay-opacity":"","overlay-gradient":""},"tablet":{"background-color":"","background-image":"","background-repeat":"repeat","background-position":"center center","background-size":"auto","background-attachment":"scroll","background-type":"","background-media":"","overlay-type":"","overlay-color":"","overlay-opacity":"","overlay-gradient":""},"mobile":{"background-color":"","background-image":"","background-repeat":"repeat","background-position":"center center","background-size":"auto","background-attachment":"scroll","background-type":"","background-media":"","overlay-type":"","overlay-color":"","overlay-opacity":"","overlay-gradient":""}},"ast-content-background-meta":{"desktop":{"background-color":"var(--ast-global-color-5)","background-image":"","background-repeat":"repeat","background-position":"center center","background-size":"auto","background-attachment":"scroll","background-type":"","background-media":"","overlay-type":"","overlay-color":"","overlay-opacity":"","overlay-gradient":""},"tablet":{"background-color":"var(--ast-global-color-5)","background-image":"","background-repeat":"repeat","background-position":"center center","background-size":"auto","background-attachment":"scroll","background-type":"","background-media":"","overlay-type":"","overlay-color":"","overlay-opacity":"","overlay-gradient":""},"mobile":{"background-color":"var(--ast-global-color-5)","background-image":"","background-repeat":"repeat","background-position":"center center","background-size":"auto","background-attachment":"scroll","background-type":"","background-media":"","overlay-type":"","overlay-color":"","overlay-opacity":"","overlay-gradient":""}},"footnotes":""},"class_list":["post-6","page","type-page","status-publish","hentry"],"yoast_head":"<!-- This site is optimized with the Yoast SEO plugin v27.3 - https:\/\/yoast.com\/product\/yoast-seo-wordpress\/ -->\n<title>McCopier | International photocopier distributor.Printers&amp;Scanners.<\/title>\n<meta name=\"description\" content=\"All in one solutions for office equipment at competitive pricing. Whether you need short term or long term rentals, retail or wholesale solutions, we\u2019ve got you covered.\" \/>\n<meta name=\"robots\" content=\"index, follow, max-snippet:-1, max-image-preview:large, max-video-preview:-1\" \/>\n<link rel=\"canonical\" href=\"https:\/\/mccopier.com\/fr\/\" \/>\n<meta property=\"og:locale\" content=\"fr_CA\" \/>\n<meta property=\"og:type\" content=\"article\" \/>\n<meta property=\"og:title\" content=\"International photocopier distributor.\" \/>\n<meta property=\"og:description\" content=\"All in one solutions for office equipment at competitive pricing. Whether you need short term or long term rentals, retail or wholesale solutions, we\u2019ve got you covered\" \/>\n<meta property=\"og:url\" content=\"https:\/\/mccopier.com\/fr\/\" \/>\n<meta property=\"og:site_name\" content=\"McCopier\" \/>\n<meta property=\"article:publisher\" content=\"https:\/\/www.facebook.com\/mccopier\" \/>\n<meta property=\"article:modified_time\" content=\"2023-02-22T21:31:08+00:00\" \/>\n<meta property=\"og:image\" content=\"https:\/\/mccopier.com\/wp-content\/uploads\/2022\/07\/copier-3.jpeg\" \/>\n\t<meta property=\"og:image:width\" content=\"1000\" \/>\n\t<meta property=\"og:image:height\" content=\"750\" \/>\n\t<meta property=\"og:image:type\" content=\"image\/jpeg\" \/>\n<meta name=\"twitter:card\" content=\"summary_large_image\" \/>\n<meta name=\"twitter:label1\" content=\"Estimation du temps de lecture\" \/>\n\t<meta name=\"twitter:data1\" content=\"1 minute\" \/>\n<script type=\"application\/ld+json\" class=\"yoast-schema-graph\">{\"@context\":\"https:\\\/\\\/schema.org\",\"@graph\":[{\"@type\":\"WebPage\",\"@id\":\"https:\\\/\\\/mccopier.com\\\/\",\"url\":\"https:\\\/\\\/mccopier.com\\\/\",\"name\":\"McCopier | International photocopier distributor.Printers&Scanners.\",\"isPartOf\":{\"@id\":\"https:\\\/\\\/mccopier.com\\\/#website\"},\"datePublished\":\"2018-11-26T12:45:27+00:00\",\"dateModified\":\"2023-02-22T21:31:08+00:00\",\"description\":\"All in one solutions for office equipment at competitive pricing. Whether you need short term or long term rentals, retail or wholesale solutions, we\u2019ve got you covered.\",\"breadcrumb\":{\"@id\":\"https:\\\/\\\/mccopier.com\\\/#breadcrumb\"},\"inLanguage\":\"fr-CA\",\"potentialAction\":[{\"@type\":\"ReadAction\",\"target\":[\"https:\\\/\\\/mccopier.com\\\/\"]}]},{\"@type\":\"BreadcrumbList\",\"@id\":\"https:\\\/\\\/mccopier.com\\\/#breadcrumb\",\"itemListElement\":[{\"@type\":\"ListItem\",\"position\":1,\"name\":\"Home\",\"item\":\"https:\\\/\\\/mccopier.com\\\/\"},{\"@type\":\"ListItem\",\"position\":2,\"name\":\"Home\"}]},{\"@type\":\"WebSite\",\"@id\":\"https:\\\/\\\/mccopier.com\\\/#website\",\"url\":\"https:\\\/\\\/mccopier.com\\\/\",\"name\":\"McCopier\",\"description\":\"Providing office equipments product and services\",\"publisher\":{\"@id\":\"https:\\\/\\\/mccopier.com\\\/#organization\"},\"potentialAction\":[{\"@type\":\"SearchAction\",\"target\":{\"@type\":\"EntryPoint\",\"urlTemplate\":\"https:\\\/\\\/mccopier.com\\\/?s={search_term_string}\"},\"query-input\":{\"@type\":\"PropertyValueSpecification\",\"valueRequired\":true,\"valueName\":\"search_term_string\"}}],\"inLanguage\":\"fr-CA\"},{\"@type\":\"Organization\",\"@id\":\"https:\\\/\\\/mccopier.com\\\/#organization\",\"name\":\"mccopier\",\"url\":\"https:\\\/\\\/mccopier.com\\\/\",\"logo\":{\"@type\":\"ImageObject\",\"inLanguage\":\"fr-CA\",\"@id\":\"https:\\\/\\\/mccopier.com\\\/#\\\/schema\\\/logo\\\/image\\\/\",\"url\":\"https:\\\/\\\/mccopier.com\\\/wp-content\\\/uploads\\\/2022\\\/07\\\/McCopier-logo-scaled.jpg\",\"contentUrl\":\"https:\\\/\\\/mccopier.com\\\/wp-content\\\/uploads\\\/2022\\\/07\\\/McCopier-logo-scaled.jpg\",\"width\":2560,\"height\":900,\"caption\":\"mccopier\"},\"image\":{\"@id\":\"https:\\\/\\\/mccopier.com\\\/#\\\/schema\\\/logo\\\/image\\\/\"},\"sameAs\":[\"https:\\\/\\\/www.facebook.com\\\/mccopier\"]}]}<\/script>\n<!-- \/ Yoast SEO plugin. -->","yoast_head_json":{"title":"McCopier | International photocopier distributor.Printers&Scanners.","description":"All in one solutions for office equipment at competitive pricing. Whether you need short term or long term rentals, retail or wholesale solutions, we\u2019ve got you covered.","robots":{"index":"index","follow":"follow","max-snippet":"max-snippet:-1","max-image-preview":"max-image-preview:large","max-video-preview":"max-video-preview:-1"},"canonical":"https:\/\/mccopier.com\/fr\/","og_locale":"fr_CA","og_type":"article","og_title":"International photocopier distributor.","og_description":"All in one solutions for office equipment at competitive pricing. Whether you need short term or long term rentals, retail or wholesale solutions, we\u2019ve got you covered","og_url":"https:\/\/mccopier.com\/fr\/","og_site_name":"McCopier","article_publisher":"https:\/\/www.facebook.com\/mccopier","article_modified_time":"2023-02-22T21:31:08+00:00","og_image":[{"width":1000,"height":750,"url":"https:\/\/mccopier.com\/wp-content\/uploads\/2022\/07\/copier-3.jpeg","type":"image\/jpeg"}],"twitter_card":"summary_large_image","twitter_misc":{"Estimation du temps de lecture":"1 minute"},"schema":{"@context":"https:\/\/schema.org","@graph":[{"@type":"WebPage","@id":"https:\/\/mccopier.com\/","url":"https:\/\/mccopier.com\/","name":"McCopier | International photocopier distributor.Printers&Scanners.","isPartOf":{"@id":"https:\/\/mccopier.com\/#website"},"datePublished":"2018-11-26T12:45:27+00:00","dateModified":"2023-02-22T21:31:08+00:00","description":"All in one solutions for office equipment at competitive pricing. Whether you need short term or long term rentals, retail or wholesale solutions, we\u2019ve got you covered.","breadcrumb":{"@id":"https:\/\/mccopier.com\/#breadcrumb"},"inLanguage":"fr-CA","potentialAction":[{"@type":"ReadAction","target":["https:\/\/mccopier.com\/"]}]},{"@type":"BreadcrumbList","@id":"https:\/\/mccopier.com\/#breadcrumb","itemListElement":[{"@type":"ListItem","position":1,"name":"Home","item":"https:\/\/mccopier.com\/"},{"@type":"ListItem","position":2,"name":"Home"}]},{"@type":"WebSite","@id":"https:\/\/mccopier.com\/#website","url":"https:\/\/mccopier.com\/","name":"McCopier","description":"Providing office equipments product and services","publisher":{"@id":"https:\/\/mccopier.com\/#organization"},"potentialAction":[{"@type":"SearchAction","target":{"@type":"EntryPoint","urlTemplate":"https:\/\/mccopier.com\/?s={search_term_string}"},"query-input":{"@type":"PropertyValueSpecification","valueRequired":true,"valueName":"search_term_string"}}],"inLanguage":"fr-CA"},{"@type":"Organization","@id":"https:\/\/mccopier.com\/#organization","name":"mccopier","url":"https:\/\/mccopier.com\/","logo":{"@type":"ImageObject","inLanguage":"fr-CA","@id":"https:\/\/mccopier.com\/#\/schema\/logo\/image\/","url":"https:\/\/mccopier.com\/wp-content\/uploads\/2022\/07\/McCopier-logo-scaled.jpg","contentUrl":"https:\/\/mccopier.com\/wp-content\/uploads\/2022\/07\/McCopier-logo-scaled.jpg","width":2560,"height":900,"caption":"mccopier"},"image":{"@id":"https:\/\/mccopier.com\/#\/schema\/logo\/image\/"},"sameAs":["https:\/\/www.facebook.com\/mccopier"]}]}},"_links":{"self":[{"href":"https:\/\/mccopier.com\/fr\/wp-json\/wp\/v2\/pages\/6","targetHints":{"allow":["GET"]}}],"collection":[{"href":"https:\/\/mccopier.com\/fr\/wp-json\/wp\/v2\/pages"}],"about":[{"href":"https:\/\/mccopier.com\/fr\/wp-json\/wp\/v2\/types\/page"}],"author":[{"embeddable":true,"href":"https:\/\/mccopier.com\/fr\/wp-json\/wp\/v2\/users\/1"}],"replies":[{"embeddable":true,"href":"https:\/\/mccopier.com\/fr\/wp-json\/wp\/v2\/comments?post=6"}],"version-history":[{"count":77,"href":"https:\/\/mccopier.com\/fr\/wp-json\/wp\/v2\/pages\/6\/revisions"}],"predecessor-version":[{"id":1532,"href":"https:\/\/mccopier.com\/fr\/wp-json\/wp\/v2\/pages\/6\/revisions\/1532"}],"wp:attachment":[{"href":"https:\/\/mccopier.com\/fr\/wp-json\/wp\/v2\/media?parent=6"}],"curies":[{"name":"wp","href":"https:\/\/api.w.org\/{rel}","templated":true}]}}