{"id":7,"date":"2018-11-26T12:45:57","date_gmt":"2018-11-26T12:45:57","guid":{"rendered":"https:\/\/mccopier.com\/about\/"},"modified":"2023-02-22T21:20:13","modified_gmt":"2023-02-22T21:20:13","slug":"about","status":"publish","type":"page","link":"https:\/\/mccopier.com\/fr\/about\/","title":{"rendered":"\u00c0 propos de nous"},"content":{"rendered":"<div data-elementor-type=\"wp-post\" data-elementor-id=\"7\" class=\"elementor elementor-7\">\n\t\t\t\t\t\t<section class=\"elementor-section elementor-top-section elementor-element elementor-element-688ad38 elementor-section-content-middle elementor-section-boxed elementor-section-height-default elementor-section-height-default\" data-id=\"688ad38\" data-element_type=\"section\" data-e-type=\"section\" data-settings=\"{&quot;background_background&quot;:&quot;classic&quot;}\">\n\t\t\t\t\t\t\t<div class=\"elementor-background-overlay\"><\/div>\n\t\t\t\t\t\t\t<div class=\"elementor-container elementor-column-gap-no\">\n\t\t\t\t\t<div class=\"elementor-column elementor-col-100 elementor-top-column elementor-element elementor-element-148e58a\" data-id=\"148e58a\" data-element_type=\"column\" data-e-type=\"column\">\n\t\t\t<div class=\"elementor-widget-wrap elementor-element-populated\">\n\t\t\t\t\t\t<div class=\"elementor-element elementor-element-d915ffa animated-slow elementor-invisible elementor-widget elementor-widget-heading\" data-id=\"d915ffa\" data-element_type=\"widget\" data-e-type=\"widget\" data-settings=\"{&quot;_animation&quot;:&quot;fadeInUp&quot;}\" data-widget_type=\"heading.default\">\n\t\t\t\t<div class=\"elementor-widget-container\">\n\t\t\t\t\t<h1 class=\"elementor-heading-title elementor-size-default\">\u00c0 PROPOS DE NOUS<\/h1>\t\t\t\t<\/div>\n\t\t\t\t<\/div>\n\t\t\t\t\t<\/div>\n\t\t<\/div>\n\t\t\t\t\t<\/div>\n\t\t<\/section>\n\t\t\t\t<section class=\"elementor-section elementor-top-section elementor-element elementor-element-303906c elementor-section-content-top elementor-section-boxed elementor-section-height-default elementor-section-height-default\" data-id=\"303906c\" data-element_type=\"section\" data-e-type=\"section\">\n\t\t\t\t\t\t<div class=\"elementor-container elementor-column-gap-no\">\n\t\t\t\t\t<div class=\"elementor-column elementor-col-50 elementor-top-column elementor-element elementor-element-79e7669\" data-id=\"79e7669\" data-element_type=\"column\" data-e-type=\"column\">\n\t\t\t<div class=\"elementor-widget-wrap elementor-element-populated\">\n\t\t\t\t\t\t<div class=\"elementor-element elementor-element-b08a448 elementor-widget elementor-widget-heading\" data-id=\"b08a448\" data-element_type=\"widget\" data-e-type=\"widget\" data-widget_type=\"heading.default\">\n\t\t\t\t<div class=\"elementor-widget-container\">\n\t\t\t\t\t<h2 class=\"elementor-heading-title elementor-size-default\">NOTRE BUT? <br>VOTRE SATISFACTION <\/h2>\t\t\t\t<\/div>\n\t\t\t\t<\/div>\n\t\t\t\t\t<\/div>\n\t\t<\/div>\n\t\t\t\t<div class=\"elementor-column elementor-col-50 elementor-top-column elementor-element elementor-element-d067b90\" data-id=\"d067b90\" data-element_type=\"column\" data-e-type=\"column\">\n\t\t\t<div class=\"elementor-widget-wrap elementor-element-populated\">\n\t\t\t\t\t\t<div class=\"elementor-element elementor-element-c3c1f36 elementor-widget elementor-widget-heading\" data-id=\"c3c1f36\" data-element_type=\"widget\" data-e-type=\"widget\" data-widget_type=\"heading.default\">\n\t\t\t\t<div class=\"elementor-widget-container\">\n\t\t\t\t\t<h3 class=\"elementor-heading-title elementor-size-default\">Une entreprise familiale avec plus de 30 ans d\u2019exp\u00e9rience.<\/h3>\t\t\t\t<\/div>\n\t\t\t\t<\/div>\n\t\t\t\t<div class=\"elementor-element elementor-element-a2dcc47 elementor-widget elementor-widget-text-editor\" data-id=\"a2dcc47\" data-element_type=\"widget\" data-e-type=\"widget\" data-widget_type=\"text-editor.default\">\n\t\t\t\t<div class=\"elementor-widget-container\">\n\t\t\t\t\t\t\t\t\t<p>Chez McCopier, nous fournissons des solutions tout-en-un pour l\u2019\u00e9quipement de bureau \u00e0 des prix comp\u00e9titifs. Que vous ayez besoin de locations \u00e0 court ou \u00e0 long terme, de solutions de vente au d\u00e9tail ou en gros, nous avons ce qu\u2019il vous faut. Nous nous concentrons sur un service \u00e0 la client\u00e8le exceptionnel o\u00f9 nous sommes \u00e0 la hauteur et garantissons nos produits.<\/p><p>Nous comprenons l'importance d'un bureau enti\u00e8rement fonctionnel, et nos photocopieurs sont con\u00e7us pour r\u00e9pondre aux exigences de toutes les entreprises. Nos produits sont fabriqu\u00e9s avec la derni\u00e8re technologie et nous nous effor\u00e7ons continuellement d'am\u00e9liorer nos offres pour rester en avance sur la concurrence.<\/p><p>Nous soutenons \u00e9galement nos produits avec une garantie de qualit\u00e9 et de fiabilit\u00e9. Nous croyons que nos clients devraient avoir l'esprit tranquille lorsqu'ils investissent dans nos produits, et nous sommes d\u00e9termin\u00e9s \u00e0 fournir des solutions durables pour tous leurs besoins en mati\u00e8re de photocopie.<\/p><p>Nos valeurs familiales et notre engagement envers l'excellence se refl\u00e8tent dans tous les aspects de notre entreprise. De notre personnel comp\u00e9tent et amical \u00e0 nos produits fiables et de haute qualit\u00e9, nous sommes d\u00e9vou\u00e9s \u00e0 offrir le meilleur service possible \u00e0 nos clients. Nous avons h\u00e2te de continuer \u00e0 servir notre communaut\u00e9 pendant de nombreuses ann\u00e9es \u00e0 venir.<\/p>\t\t\t\t\t\t\t\t<\/div>\n\t\t\t\t<\/div>\n\t\t\t\t\t<\/div>\n\t\t<\/div>\n\t\t\t\t\t<\/div>\n\t\t<\/section>\n\t\t\t\t<\/div>","protected":false},"excerpt":{"rendered":"<p>About Us OUR GOAL? YOUR SATISFACTION Family owned business with over 30 years of experience. Here at McCopier, we provide all in one solutions for office equipment at competitive pricing. Whether you need short term or long term rentals, retail or wholesale solutions, we&#8217;ve got you covered. We focus on exceptional customer service where we [&hellip;]<\/p>\n","protected":false},"author":1,"featured_media":0,"parent":0,"menu_order":0,"comment_status":"closed","ping_status":"closed","template":"","meta":{"_coblocks_attr":"","_coblocks_dimensions":"","_coblocks_responsive_height":"","_coblocks_accordion_ie_support":"","site-sidebar-layout":"no-sidebar","site-content-layout":"page-builder","ast-site-content-layout":"default","site-content-style":"default","site-sidebar-style":"default","ast-global-header-display":"","ast-banner-title-visibility":"","ast-main-header-display":"","ast-hfb-above-header-display":"","ast-hfb-below-header-display":"","ast-hfb-mobile-header-display":"","site-post-title":"disabled","ast-breadcrumbs-content":"","ast-featured-img":"disabled","footer-sml-layout":"","ast-disable-related-posts":"","theme-transparent-header-meta":"enabled","adv-header-id-meta":"","stick-header-meta":"","header-above-stick-meta":"","header-main-stick-meta":"","header-below-stick-meta":"","astra-migrate-meta-layouts":"default","ast-page-background-enabled":"default","ast-page-background-meta":{"desktop":{"background-color":"","background-image":"","background-repeat":"repeat","background-position":"center center","background-size":"auto","background-attachment":"scroll","background-type":"","background-media":"","overlay-type":"","overlay-color":"","overlay-opacity":"","overlay-gradient":""},"tablet":{"background-color":"","background-image":"","background-repeat":"repeat","background-position":"center center","background-size":"auto","background-attachment":"scroll","background-type":"","background-media":"","overlay-type":"","overlay-color":"","overlay-opacity":"","overlay-gradient":""},"mobile":{"background-color":"","background-image":"","background-repeat":"repeat","background-position":"center center","background-size":"auto","background-attachment":"scroll","background-type":"","background-media":"","overlay-type":"","overlay-color":"","overlay-opacity":"","overlay-gradient":""}},"ast-content-background-meta":{"desktop":{"background-color":"var(--ast-global-color-5)","background-image":"","background-repeat":"repeat","background-position":"center center","background-size":"auto","background-attachment":"scroll","background-type":"","background-media":"","overlay-type":"","overlay-color":"","overlay-opacity":"","overlay-gradient":""},"tablet":{"background-color":"var(--ast-global-color-5)","background-image":"","background-repeat":"repeat","background-position":"center center","background-size":"auto","background-attachment":"scroll","background-type":"","background-media":"","overlay-type":"","overlay-color":"","overlay-opacity":"","overlay-gradient":""},"mobile":{"background-color":"var(--ast-global-color-5)","background-image":"","background-repeat":"repeat","background-position":"center center","background-size":"auto","background-attachment":"scroll","background-type":"","background-media":"","overlay-type":"","overlay-color":"","overlay-opacity":"","overlay-gradient":""}},"footnotes":""},"class_list":["post-7","page","type-page","status-publish","hentry"],"yoast_head":"<!-- This site is optimized with the Yoast SEO plugin v27.4 - https:\/\/yoast.com\/product\/yoast-seo-wordpress\/ -->\n<title>About | Over 30 years of experience in photocopier sales<\/title>\n<meta name=\"description\" content=\"Whether you need short term or long term photocopier rentals, retail or wholesale solutions, we&#039;ve got you covered.\" \/>\n<meta name=\"robots\" content=\"index, follow, max-snippet:-1, max-image-preview:large, max-video-preview:-1\" \/>\n<link rel=\"canonical\" href=\"https:\/\/mccopier.com\/fr\/about\/\" \/>\n<meta property=\"og:locale\" content=\"fr_CA\" \/>\n<meta property=\"og:type\" content=\"article\" \/>\n<meta property=\"og:title\" content=\"About | Over 30 years of experience in photocopier sales\" \/>\n<meta property=\"og:description\" content=\"Whether you need short term or long term photocopier rentals, retail or wholesale solutions, we&#039;ve got you covered.\" \/>\n<meta property=\"og:url\" content=\"https:\/\/mccopier.com\/fr\/about\/\" \/>\n<meta property=\"og:site_name\" content=\"McCopier\" \/>\n<meta property=\"article:publisher\" content=\"https:\/\/www.facebook.com\/mccopier\" \/>\n<meta property=\"article:modified_time\" content=\"2023-02-22T21:20:13+00:00\" \/>\n<meta property=\"og:image\" content=\"https:\/\/mccopier.com\/wp-content\/uploads\/2022\/07\/McCopier-logo-scaled.jpg\" \/>\n\t<meta property=\"og:image:width\" content=\"2560\" \/>\n\t<meta property=\"og:image:height\" content=\"900\" \/>\n\t<meta property=\"og:image:type\" content=\"image\/jpeg\" \/>\n<meta name=\"twitter:card\" content=\"summary_large_image\" \/>\n<meta name=\"twitter:label1\" content=\"Estimation du temps de lecture\" \/>\n\t<meta name=\"twitter:data1\" content=\"1 minute\" \/>\n<script type=\"application\/ld+json\" class=\"yoast-schema-graph\">{\"@context\":\"https:\\\/\\\/schema.org\",\"@graph\":[{\"@type\":\"WebPage\",\"@id\":\"https:\\\/\\\/mccopier.com\\\/about\\\/\",\"url\":\"https:\\\/\\\/mccopier.com\\\/about\\\/\",\"name\":\"About | Over 30 years of experience in photocopier sales\",\"isPartOf\":{\"@id\":\"https:\\\/\\\/mccopier.com\\\/#website\"},\"datePublished\":\"2018-11-26T12:45:57+00:00\",\"dateModified\":\"2023-02-22T21:20:13+00:00\",\"description\":\"Whether you need short term or long term photocopier rentals, retail or wholesale solutions, we've got you covered.\",\"breadcrumb\":{\"@id\":\"https:\\\/\\\/mccopier.com\\\/about\\\/#breadcrumb\"},\"inLanguage\":\"fr-CA\",\"potentialAction\":[{\"@type\":\"ReadAction\",\"target\":[\"https:\\\/\\\/mccopier.com\\\/about\\\/\"]}]},{\"@type\":\"BreadcrumbList\",\"@id\":\"https:\\\/\\\/mccopier.com\\\/about\\\/#breadcrumb\",\"itemListElement\":[{\"@type\":\"ListItem\",\"position\":1,\"name\":\"Home\",\"item\":\"https:\\\/\\\/mccopier.com\\\/\"},{\"@type\":\"ListItem\",\"position\":2,\"name\":\"About\"}]},{\"@type\":\"WebSite\",\"@id\":\"https:\\\/\\\/mccopier.com\\\/#website\",\"url\":\"https:\\\/\\\/mccopier.com\\\/\",\"name\":\"McCopier\",\"description\":\"Providing office equipments product and services\",\"publisher\":{\"@id\":\"https:\\\/\\\/mccopier.com\\\/#organization\"},\"potentialAction\":[{\"@type\":\"SearchAction\",\"target\":{\"@type\":\"EntryPoint\",\"urlTemplate\":\"https:\\\/\\\/mccopier.com\\\/?s={search_term_string}\"},\"query-input\":{\"@type\":\"PropertyValueSpecification\",\"valueRequired\":true,\"valueName\":\"search_term_string\"}}],\"inLanguage\":\"fr-CA\"},{\"@type\":\"Organization\",\"@id\":\"https:\\\/\\\/mccopier.com\\\/#organization\",\"name\":\"mccopier\",\"url\":\"https:\\\/\\\/mccopier.com\\\/\",\"logo\":{\"@type\":\"ImageObject\",\"inLanguage\":\"fr-CA\",\"@id\":\"https:\\\/\\\/mccopier.com\\\/#\\\/schema\\\/logo\\\/image\\\/\",\"url\":\"https:\\\/\\\/mccopier.com\\\/wp-content\\\/uploads\\\/2022\\\/07\\\/McCopier-logo-scaled.jpg\",\"contentUrl\":\"https:\\\/\\\/mccopier.com\\\/wp-content\\\/uploads\\\/2022\\\/07\\\/McCopier-logo-scaled.jpg\",\"width\":2560,\"height\":900,\"caption\":\"mccopier\"},\"image\":{\"@id\":\"https:\\\/\\\/mccopier.com\\\/#\\\/schema\\\/logo\\\/image\\\/\"},\"sameAs\":[\"https:\\\/\\\/www.facebook.com\\\/mccopier\"]}]}<\/script>\n<!-- \/ Yoast SEO plugin. -->","yoast_head_json":{"title":"About | Over 30 years of experience in photocopier sales","description":"Whether you need short term or long term photocopier rentals, retail or wholesale solutions, we've got you covered.","robots":{"index":"index","follow":"follow","max-snippet":"max-snippet:-1","max-image-preview":"max-image-preview:large","max-video-preview":"max-video-preview:-1"},"canonical":"https:\/\/mccopier.com\/fr\/about\/","og_locale":"fr_CA","og_type":"article","og_title":"About | Over 30 years of experience in photocopier sales","og_description":"Whether you need short term or long term photocopier rentals, retail or wholesale solutions, we've got you covered.","og_url":"https:\/\/mccopier.com\/fr\/about\/","og_site_name":"McCopier","article_publisher":"https:\/\/www.facebook.com\/mccopier","article_modified_time":"2023-02-22T21:20:13+00:00","og_image":[{"width":2560,"height":900,"url":"https:\/\/mccopier.com\/wp-content\/uploads\/2022\/07\/McCopier-logo-scaled.jpg","type":"image\/jpeg"}],"twitter_card":"summary_large_image","twitter_misc":{"Estimation du temps de lecture":"1 minute"},"schema":{"@context":"https:\/\/schema.org","@graph":[{"@type":"WebPage","@id":"https:\/\/mccopier.com\/about\/","url":"https:\/\/mccopier.com\/about\/","name":"About | Over 30 years of experience in photocopier sales","isPartOf":{"@id":"https:\/\/mccopier.com\/#website"},"datePublished":"2018-11-26T12:45:57+00:00","dateModified":"2023-02-22T21:20:13+00:00","description":"Whether you need short term or long term photocopier rentals, retail or wholesale solutions, we've got you covered.","breadcrumb":{"@id":"https:\/\/mccopier.com\/about\/#breadcrumb"},"inLanguage":"fr-CA","potentialAction":[{"@type":"ReadAction","target":["https:\/\/mccopier.com\/about\/"]}]},{"@type":"BreadcrumbList","@id":"https:\/\/mccopier.com\/about\/#breadcrumb","itemListElement":[{"@type":"ListItem","position":1,"name":"Home","item":"https:\/\/mccopier.com\/"},{"@type":"ListItem","position":2,"name":"About"}]},{"@type":"WebSite","@id":"https:\/\/mccopier.com\/#website","url":"https:\/\/mccopier.com\/","name":"McCopier","description":"Providing office equipments product and services","publisher":{"@id":"https:\/\/mccopier.com\/#organization"},"potentialAction":[{"@type":"SearchAction","target":{"@type":"EntryPoint","urlTemplate":"https:\/\/mccopier.com\/?s={search_term_string}"},"query-input":{"@type":"PropertyValueSpecification","valueRequired":true,"valueName":"search_term_string"}}],"inLanguage":"fr-CA"},{"@type":"Organization","@id":"https:\/\/mccopier.com\/#organization","name":"mccopier","url":"https:\/\/mccopier.com\/","logo":{"@type":"ImageObject","inLanguage":"fr-CA","@id":"https:\/\/mccopier.com\/#\/schema\/logo\/image\/","url":"https:\/\/mccopier.com\/wp-content\/uploads\/2022\/07\/McCopier-logo-scaled.jpg","contentUrl":"https:\/\/mccopier.com\/wp-content\/uploads\/2022\/07\/McCopier-logo-scaled.jpg","width":2560,"height":900,"caption":"mccopier"},"image":{"@id":"https:\/\/mccopier.com\/#\/schema\/logo\/image\/"},"sameAs":["https:\/\/www.facebook.com\/mccopier"]}]}},"_links":{"self":[{"href":"https:\/\/mccopier.com\/fr\/wp-json\/wp\/v2\/pages\/7","targetHints":{"allow":["GET"]}}],"collection":[{"href":"https:\/\/mccopier.com\/fr\/wp-json\/wp\/v2\/pages"}],"about":[{"href":"https:\/\/mccopier.com\/fr\/wp-json\/wp\/v2\/types\/page"}],"author":[{"embeddable":true,"href":"https:\/\/mccopier.com\/fr\/wp-json\/wp\/v2\/users\/1"}],"replies":[{"embeddable":true,"href":"https:\/\/mccopier.com\/fr\/wp-json\/wp\/v2\/comments?post=7"}],"version-history":[{"count":21,"href":"https:\/\/mccopier.com\/fr\/wp-json\/wp\/v2\/pages\/7\/revisions"}],"predecessor-version":[{"id":1526,"href":"https:\/\/mccopier.com\/fr\/wp-json\/wp\/v2\/pages\/7\/revisions\/1526"}],"wp:attachment":[{"href":"https:\/\/mccopier.com\/fr\/wp-json\/wp\/v2\/media?parent=7"}],"curies":[{"name":"wp","href":"https:\/\/api.w.org\/{rel}","templated":true}]}}